{"id":55,"date":"2026-01-05T18:55:30","date_gmt":"2026-01-05T17:55:30","guid":{"rendered":"https:\/\/ttalapitvany.hu\/?page_id=55"},"modified":"2026-01-21T16:49:02","modified_gmt":"2026-01-21T15:49:02","slug":"hosok-levegoben-es-a-foldben","status":"publish","type":"page","link":"https:\/\/ttalapitvany.hu\/?page_id=55","title":{"rendered":"H\u0151s\u00f6k Leveg\u0151ben \u00e9s a F\u00f6ldben"},"content":{"rendered":"\n<figure class=\"wp-block-image size-full\"><img loading=\"lazy\" decoding=\"async\" width=\"600\" height=\"223\" src=\"https:\/\/ttalapitvany.hu\/wp-content\/uploads\/2026\/01\/repulesregeszet-zsambek.jpg\" alt=\"\" class=\"wp-image-158\" srcset=\"https:\/\/ttalapitvany.hu\/wp-content\/uploads\/2026\/01\/repulesregeszet-zsambek.jpg 600w, https:\/\/ttalapitvany.hu\/wp-content\/uploads\/2026\/01\/repulesregeszet-zsambek-300x112.jpg 300w\" sizes=\"auto, (max-width: 600px) 100vw, 600px\" \/><\/figure>\n\n\n\n<p>Rep\u00fcl\u00e9st\u00f6rt\u00e9neti ki\u00e1ll\u00edt\u00e1sunk Zs\u00e1mb\u00e9kon.<\/p>\n\n\n\n<p>Zs\u00e1mb\u00e9kon az egykori l\u00e9gv\u00e9delmi rak\u00e9tab\u00e1zison ny\u00edlt meg haz\u00e1nkban az els\u0151 rep\u00fcl\u00e9sr\u00e9g\u00e9szeti ki\u00e1ll\u00edt\u00e1s, mely m\u00e9lt\u00f3 eml\u00e9ket \u00e1ll\u00edt a II. Vil\u00e1gh\u00e1bor\u00faban harcolt rep\u00fcl\u0151szem\u00e9lyzeteknek. A ki\u00e1ll\u00edt\u00e1son amat\u0151r rep\u00fcl\u00e9st\u00f6rt\u00e9n\u00e9szek kutat\u00e1si anyagai ker\u00fclnek l\u00e1tv\u00e1nyos m\u00f3don bemutat\u00e1sra, valamint rep\u00fcl\u0151s relikvi\u00e1k a II. VH \u00e9s azt k\u00f6vet\u0151 id\u0151szakb\u00f3l.<br>A ki\u00e1ll\u00edt\u00e1s bemutatja a hazai rep\u00fcl\u00e9s r\u00e9g\u00e9szet eredm\u00e9nyeit, mely nem csak a roncsok felkutat\u00e1s\u00e1b\u00f3l, felt\u00e1r\u00e1s\u00e1b\u00f3l \u00e1ll, hanem t\u00e9rk\u00e9p\u00e9szeti- \u00e9s lev\u00e9lt\u00e1ri kutat\u00e1sokat, a felt\u00e1r\u00e1sok dokument\u00e1l\u00e1s\u00e1t, valamint az elt\u0171nt rep\u00fcl\u0151szem\u00e9lyzetek azonos\u00edt\u00e1s\u00e1t is jelenti.<br>A ki\u00e1ll\u00edt\u00e1s mindezt a szakemberek \u00e9s \u00e9rdekl\u0151d\u0151 laikusok sz\u00e1m\u00e1ra is j\u00f3l \u00e9rthet\u0151en \u00e9s izgalmas m\u00f3don mutatja be. Tal\u00e1lkozunk tabl\u00f3kkal, ahol egy-egy h\u0151si hal\u00e1lt halt magyar pil\u00f3ta felkutat\u00e1s\u00e1nak r\u00e9szletes le\u00edr\u00e1s\u00e1t, az egykor t\u00f6rt\u00e9ntek rekonstru\u00e1l\u00e1s\u00e1t olvashatjuk el. Korabeli rep\u00fcl\u0151g\u00e9pek l\u00e1tv\u00e1nyos maradv\u00e1nyait, ki\u00e1ll\u00edtott darabjait is megcsod\u00e1lhatjuk. S\u0151t, l\u00e1tunk dokumentumfilmet Bejczy J\u00f3zsef sz\u00e1zados f\u00f6ldi maradv\u00e1nyainak \u00e9s rep\u00fcl\u0151g\u00e9p\u00e9nek felt\u00e1r\u00e1s\u00e1r\u00f3l.<br>A ki\u00e1ll\u00edt\u00e1s k\u00f6rnyezete is izgalmas, mivel egy hidegh\u00e1bor\u00fas m\u0171eml\u00e9kben j\u00e1runk, eg\u00e9szen pontosan az egykori MN1159 11\/3. honi l\u00e9gv\u00e9delmi rak\u00e9taoszt\u00e1ly 1. sz\u00e1m\u00fa szakaszfedez\u00e9k\u00e9ben, ahol a b\u00e1zis f\u00e9nykor\u00e1ban speci\u00e1lis sz\u00e1ll\u00edt\u00f3j\u00e1rm\u0171v\u00f6n a t\u00fczel\u0151\u00e1ll\u00e1sra kisz\u00e1ll\u00edt\u00e1sra el\u0151k\u00e9sz\u00edtett \u201eVolhov\u201d (SZ-75\/SA-2) k\u00f6z\u00e9p hat\u00f3t\u00e1vols\u00e1g\u00fa l\u00e9gv\u00e9delmi rak\u00e9t\u00e1kat t\u00e1rolt\u00e1k. A f\u00f6lddel fedett vasbeton \u00e9p\u00edtm\u00e9nyben ny\u00e1ron igen kellemes h\u0171v\u00f6sben \u00e9lvezhetj\u00fck a ki\u00e1ll\u00edt\u00e1st.<br>A t\u00f6rt\u00e9nelmi kirak\u00f3s j\u00e1t\u00e9k t\u00f6bbi darabj\u00e1t is megtekinthetik a Rak\u00e9tab\u00e1zis 1-es sz\u00e1m\u00fa szakaszfedez\u00e9k\u00e9ben. A megnyit\u00f3 \u00f3ta, a ki\u00e1ll\u00edt\u00e1s folyamatosan b\u0151v\u00fcl, sorra \u00e9rkeznek a felaj\u00e1nl\u00e1sok, mag\u00e1ngy\u0171jtem\u00e9nyek \u00e9rdekes t\u00f6rt\u00e9nettel rendelkez\u0151, ritka darabjaival gazdag\u00edtva a gy\u0171jtem\u00e9nyt.<\/p>\n","protected":false},"excerpt":{"rendered":"<p>Rep\u00fcl\u00e9st\u00f6rt\u00e9neti ki\u00e1ll\u00edt\u00e1sunk Zs\u00e1mb\u00e9kon. Zs\u00e1mb\u00e9kon az egykori l\u00e9gv\u00e9delmi rak\u00e9tab\u00e1zison ny\u00edlt meg haz\u00e1nkban az els\u0151 rep\u00fcl\u00e9sr\u00e9g\u00e9szeti ki\u00e1ll\u00edt\u00e1s, mely m\u00e9lt\u00f3 eml\u00e9ket \u00e1ll\u00edt a II. Vil\u00e1gh\u00e1bor\u00faban harcolt rep\u00fcl\u0151szem\u00e9lyzeteknek. A ki\u00e1ll\u00edt\u00e1son amat\u0151r rep\u00fcl\u00e9st\u00f6rt\u00e9n\u00e9szek kutat\u00e1si anyagai [&hellip;]<\/p>\n","protected":false},"author":1,"featured_media":0,"parent":0,"menu_order":0,"comment_status":"closed","ping_status":"closed","template":"","meta":{"_EventAllDay":false,"_EventTimezone":"","_EventStartDate":"","_EventEndDate":"","_EventStartDateUTC":"","_EventEndDateUTC":"","_EventShowMap":false,"_EventShowMapLink":false,"_EventURL":"","_EventCost":"","_EventCostDescription":"","_EventCurrencySymbol":"","_EventCurrencyCode":"","_EventCurrencyPosition":"","_EventDateTimeSeparator":"","_EventTimeRangeSeparator":"","_EventOrganizerID":[],"_EventVenueID":[],"_OrganizerEmail":"","_OrganizerPhone":"","_OrganizerWebsite":"","_VenueAddress":"","_VenueCity":"","_VenueCountry":"","_VenueProvince":"","_VenueState":"","_VenueZip":"","_VenuePhone":"","_VenueURL":"","_VenueStateProvince":"","_VenueLat":"","_VenueLng":"","_VenueShowMap":false,"_VenueShowMapLink":false,"footnotes":""},"class_list":["post-55","page","type-page","status-publish","hentry"],"_links":{"self":[{"href":"https:\/\/ttalapitvany.hu\/index.php?rest_route=\/wp\/v2\/pages\/55","targetHints":{"allow":["GET"]}}],"collection":[{"href":"https:\/\/ttalapitvany.hu\/index.php?rest_route=\/wp\/v2\/pages"}],"about":[{"href":"https:\/\/ttalapitvany.hu\/index.php?rest_route=\/wp\/v2\/types\/page"}],"author":[{"embeddable":true,"href":"https:\/\/ttalapitvany.hu\/index.php?rest_route=\/wp\/v2\/users\/1"}],"replies":[{"embeddable":true,"href":"https:\/\/ttalapitvany.hu\/index.php?rest_route=%2Fwp%2Fv2%2Fcomments&post=55"}],"version-history":[{"count":2,"href":"https:\/\/ttalapitvany.hu\/index.php?rest_route=\/wp\/v2\/pages\/55\/revisions"}],"predecessor-version":[{"id":160,"href":"https:\/\/ttalapitvany.hu\/index.php?rest_route=\/wp\/v2\/pages\/55\/revisions\/160"}],"wp:attachment":[{"href":"https:\/\/ttalapitvany.hu\/index.php?rest_route=%2Fwp%2Fv2%2Fmedia&parent=55"}],"curies":[{"name":"wp","href":"https:\/\/api.w.org\/{rel}","templated":true}]}}