{"id":51,"date":"2026-01-05T18:41:46","date_gmt":"2026-01-05T17:41:46","guid":{"rendered":"https:\/\/ttalapitvany.hu\/?page_id=51"},"modified":"2026-01-17T11:10:57","modified_gmt":"2026-01-17T10:10:57","slug":"hadtorteneti-tarlatunk-zamolyon","status":"publish","type":"page","link":"https:\/\/ttalapitvany.hu\/?page_id=51","title":{"rendered":"Magt\u00e1r Hadt\u00f6rt\u00e9neti T\u00e1rlat &#8211; Z\u00e1moly"},"content":{"rendered":"\n<p><\/p>\n\n\n\n<figure class=\"wp-block-image size-large\"><img loading=\"lazy\" decoding=\"async\" width=\"1024\" height=\"576\" src=\"https:\/\/ttalapitvany.hu\/wp-content\/uploads\/2026\/01\/fekete-feher-001-1024x576.jpg\" alt=\"\" class=\"wp-image-121\" srcset=\"https:\/\/ttalapitvany.hu\/wp-content\/uploads\/2026\/01\/fekete-feher-001-1024x576.jpg 1024w, https:\/\/ttalapitvany.hu\/wp-content\/uploads\/2026\/01\/fekete-feher-001-300x169.jpg 300w, https:\/\/ttalapitvany.hu\/wp-content\/uploads\/2026\/01\/fekete-feher-001-768x432.jpg 768w, https:\/\/ttalapitvany.hu\/wp-content\/uploads\/2026\/01\/fekete-feher-001.jpg 1125w\" sizes=\"auto, (max-width: 1024px) 100vw, 1024px\" \/><\/figure>\n\n\n\n<p class=\"is-style-default\">A telep\u00fcl\u00e9s t\u00e9rs\u00e9g\u00e9ben 1944. december 25. \u00e9s 1945. m\u00e1rcius 17. k\u00f6z\u00f6tt zajlott az orsz\u00e1g egyik &#8211; tal\u00e1n legs\u00falyosabb &#8211; p\u00e1nc\u00e9los csat\u00e1ja, melyben k\u00f6zel 3000 ember elhunyt, ker\u00fclt hadifogs\u00e1gba vagy t\u0171nt el.<br>A Tapinthat\u00f3 T\u00f6rt\u00e9nelem T\u00e1rlat 2007 \u00f3ta az \u00e1ldozatoknak \u00e1ll\u00edt eml\u00e9ket a Magt\u00e1r \u00e9p\u00fcletben.<\/p>\n\n\n\n<p><\/p>\n","protected":false},"excerpt":{"rendered":"<p>A telep\u00fcl\u00e9s t\u00e9rs\u00e9g\u00e9ben 1944. december 25. \u00e9s 1945. m\u00e1rcius 17. k\u00f6z\u00f6tt zajlott az orsz\u00e1g egyik &#8211; tal\u00e1n legs\u00falyosabb &#8211; p\u00e1nc\u00e9los csat\u00e1ja, melyben k\u00f6zel 3000 ember elhunyt, ker\u00fclt hadifogs\u00e1gba vagy t\u0171nt [&hellip;]<\/p>\n","protected":false},"author":1,"featured_media":0,"parent":0,"menu_order":0,"comment_status":"closed","ping_status":"closed","template":"","meta":{"_EventAllDay":false,"_EventTimezone":"","_EventStartDate":"","_EventEndDate":"","_EventStartDateUTC":"","_EventEndDateUTC":"","_EventShowMap":false,"_EventShowMapLink":false,"_EventURL":"","_EventCost":"","_EventCostDescription":"","_EventCurrencySymbol":"","_EventCurrencyCode":"","_EventCurrencyPosition":"","_EventDateTimeSeparator":"","_EventTimeRangeSeparator":"","_EventOrganizerID":[],"_EventVenueID":[],"_OrganizerEmail":"","_OrganizerPhone":"","_OrganizerWebsite":"","_VenueAddress":"","_VenueCity":"","_VenueCountry":"","_VenueProvince":"","_VenueState":"","_VenueZip":"","_VenuePhone":"","_VenueURL":"","_VenueStateProvince":"","_VenueLat":"","_VenueLng":"","_VenueShowMap":false,"_VenueShowMapLink":false,"footnotes":""},"class_list":["post-51","page","type-page","status-publish","hentry"],"_links":{"self":[{"href":"https:\/\/ttalapitvany.hu\/index.php?rest_route=\/wp\/v2\/pages\/51","targetHints":{"allow":["GET"]}}],"collection":[{"href":"https:\/\/ttalapitvany.hu\/index.php?rest_route=\/wp\/v2\/pages"}],"about":[{"href":"https:\/\/ttalapitvany.hu\/index.php?rest_route=\/wp\/v2\/types\/page"}],"author":[{"embeddable":true,"href":"https:\/\/ttalapitvany.hu\/index.php?rest_route=\/wp\/v2\/users\/1"}],"replies":[{"embeddable":true,"href":"https:\/\/ttalapitvany.hu\/index.php?rest_route=%2Fwp%2Fv2%2Fcomments&post=51"}],"version-history":[{"count":6,"href":"https:\/\/ttalapitvany.hu\/index.php?rest_route=\/wp\/v2\/pages\/51\/revisions"}],"predecessor-version":[{"id":126,"href":"https:\/\/ttalapitvany.hu\/index.php?rest_route=\/wp\/v2\/pages\/51\/revisions\/126"}],"wp:attachment":[{"href":"https:\/\/ttalapitvany.hu\/index.php?rest_route=%2Fwp%2Fv2%2Fmedia&parent=51"}],"curies":[{"name":"wp","href":"https:\/\/api.w.org\/{rel}","templated":true}]}}