{"id":2,"date":"2026-01-05T12:37:26","date_gmt":"2026-01-05T11:37:26","guid":{"rendered":"https:\/\/ttalapitvany.hu\/?page_id=2"},"modified":"2026-02-11T11:50:31","modified_gmt":"2026-02-11T10:50:31","slug":"ez-egy-minta-oldal","status":"publish","type":"page","link":"https:\/\/ttalapitvany.hu\/","title":{"rendered":"Kutatjuk, v\u00e9dj\u00fck \u00e9s bemutatjuk k\u00f6z\u00f6s m\u00faltunkat \u2013 a hadt\u00f6rt\u00e9nelemt\u0151l a n\u00e9prajzig."},"content":{"rendered":"\n<p class=\"is-style-text-display has-x-large-font-size is-style-text-display--1\">&#8222;<em>Hogy a m\u00falt ne csak eml\u00e9k, hanem \u00e9lm\u00e9ny legyen.<\/em>&#8222;<\/p>\n\n\n\n<p>A <strong>Tapinthat\u00f3 T\u00f6rt\u00e9nelem Alap\u00edtv\u00e1ny<\/strong> az\u00e9rt j\u00f6tt l\u00e9tre, hogy \u00e9letben tartsa \u00e9s mindenki sz\u00e1m\u00e1ra el\u00e9rhet\u0151v\u00e9 tegye nemzeti \u00f6r\u00f6ks\u00e9g\u00fcnk rejtett kincseit. Hisz\u00fcnk abban, hogy a t\u00f6rt\u00e9nelem nem csup\u00e1n k\u00f6nyvek lapjain l\u00e9tezik: ott van a katon\u00e1k hagyat\u00e9k\u00e1ban, a n\u00e9prajzi t\u00e1rgyak tapint\u00e1s\u00e1ban \u00e9s a vid\u00e9ki gy\u0171jtem\u00e9nyek csendes falaiban.<\/p>\n\n\n\n<p><\/p>\n\n\n\n<p class=\"is-style-text-subtitle is-style-text-subtitle--2\"><strong>K\u00fcldet\u00e9s\u00fcnk pill\u00e9rei:<\/strong><\/p>\n\n\n\n<ul class=\"wp-block-list\">\n<li><strong>\u00c9rt\u00e9kment\u00e9s:<\/strong> Kutatjuk, \u00f3vjuk \u00e9s modern k\u00f6r\u00fclm\u00e9nyek k\u00f6z\u00f6tt mutatjuk be a magyar hadt\u00f6rt\u00e9net \u00e9s n\u00e9prajz t\u00e1rgyi eml\u00e9keit.<\/li>\n\n\n\n<li><strong>L\u00e1that\u00f3s\u00e1g:<\/strong> Felkaroljuk a kev\u00e9sb\u00e9 ismert helyt\u00f6rt\u00e9neti gy\u0171jtem\u00e9nyeket \u00e9s eml\u00e9khelyeket, hogy bekapcsoljuk \u0151ket a hazai \u00e9s nemzetk\u00f6zi turizmus v\u00e9rkering\u00e9s\u00e9be.<\/li>\n\n\n\n<li><strong>\u00c9l\u0151 T\u00f6rt\u00e9nelem:<\/strong> Rendezv\u00e9nyekkel, iskolai el\u0151ad\u00e1sokkal, t\u00e1borokkal \u00e9s filmekkel hozzuk k\u00f6zelebb a m\u00faltat a mai gener\u00e1ci\u00f3khoz.<\/li>\n\n\n\n<li><strong>K\u00f6z\u00f6ss\u00e9g:<\/strong> Kaput nyitunk mindazoknak, akik \u00f6nk\u00e9ntesk\u00e9nt vagy t\u00e1mogat\u00f3k\u00e9nt tenni szeretn\u00e9nek a magyar kult\u00fara \u00e9s a honv\u00e9delem eml\u00e9kezet\u00e9nek meg\u0151rz\u00e9s\u00e9\u00e9rt.<\/li>\n<\/ul>\n\n\n\n<p class=\"has-text-align-center\"><em><strong>Seg\u00edtsen, hogy a j\u00f6v\u0151 nemzed\u00e9kei is meg\u00e9rinthess\u00e9k a m\u00faltat!<\/strong><\/em><\/p>\n\n\n\n<figure class=\"wp-block-image size-large\"><img loading=\"lazy\" decoding=\"async\" width=\"1024\" height=\"168\" src=\"https:\/\/ttalapitvany.hu\/wp-content\/uploads\/2026\/01\/ado1sz-1024x168.jpg\" alt=\"\" class=\"wp-image-141\" srcset=\"https:\/\/ttalapitvany.hu\/wp-content\/uploads\/2026\/01\/ado1sz-1024x168.jpg 1024w, https:\/\/ttalapitvany.hu\/wp-content\/uploads\/2026\/01\/ado1sz-300x49.jpg 300w, https:\/\/ttalapitvany.hu\/wp-content\/uploads\/2026\/01\/ado1sz-768x126.jpg 768w, https:\/\/ttalapitvany.hu\/wp-content\/uploads\/2026\/01\/ado1sz.jpg 1417w\" sizes=\"auto, (max-width: 1024px) 100vw, 1024px\" \/><\/figure>\n\n\n\n<p><strong>Tapinthat\u00f3 T\u00f6rt\u00e9nelem Alap\u00edtv\u00e1ny<\/strong><\/p>\n\n\n\n<p><a href=\"mailto:tapinthatotortenelem@gmail.com\">tapinthatotortenelem@gmail.com<\/a><\/p>\n\n\n\n<p>Adom\u00e1nyaikat k\u00f6sz\u00f6nettel fogadjuk:<\/p>\n\n\n\n<p><strong>MBH Bank 10103850-10869700-01006000<\/strong><\/p>\n\n\n\n<p class=\"is-style-default\"><strong>Ad\u00f3sz\u00e1m: 19313472-1-13<\/strong><\/p>\n\n\n\n<p><\/p>\n","protected":false},"excerpt":{"rendered":"<p>&#8222;Hogy a m\u00falt ne csak eml\u00e9k, hanem \u00e9lm\u00e9ny legyen.&#8222; A Tapinthat\u00f3 T\u00f6rt\u00e9nelem Alap\u00edtv\u00e1ny az\u00e9rt j\u00f6tt l\u00e9tre, hogy \u00e9letben tartsa \u00e9s mindenki sz\u00e1m\u00e1ra el\u00e9rhet\u0151v\u00e9 tegye nemzeti \u00f6r\u00f6ks\u00e9g\u00fcnk rejtett kincseit. Hisz\u00fcnk abban, [&hellip;]<\/p>\n","protected":false},"author":1,"featured_media":252,"parent":0,"menu_order":0,"comment_status":"closed","ping_status":"open","template":"","meta":{"_EventAllDay":false,"_EventTimezone":"","_EventStartDate":"","_EventEndDate":"","_EventStartDateUTC":"","_EventEndDateUTC":"","_EventShowMap":false,"_EventShowMapLink":false,"_EventURL":"","_EventCost":"","_EventCostDescription":"","_EventCurrencySymbol":"","_EventCurrencyCode":"","_EventCurrencyPosition":"","_EventDateTimeSeparator":"","_EventTimeRangeSeparator":"","_EventOrganizerID":[],"_EventVenueID":[],"_OrganizerEmail":"","_OrganizerPhone":"","_OrganizerWebsite":"","_VenueAddress":"","_VenueCity":"","_VenueCountry":"","_VenueProvince":"","_VenueState":"","_VenueZip":"","_VenuePhone":"","_VenueURL":"","_VenueStateProvince":"","_VenueLat":"","_VenueLng":"","_VenueShowMap":false,"_VenueShowMapLink":false,"footnotes":""},"class_list":["post-2","page","type-page","status-publish","has-post-thumbnail","hentry"],"_links":{"self":[{"href":"https:\/\/ttalapitvany.hu\/index.php?rest_route=\/wp\/v2\/pages\/2","targetHints":{"allow":["GET"]}}],"collection":[{"href":"https:\/\/ttalapitvany.hu\/index.php?rest_route=\/wp\/v2\/pages"}],"about":[{"href":"https:\/\/ttalapitvany.hu\/index.php?rest_route=\/wp\/v2\/types\/page"}],"author":[{"embeddable":true,"href":"https:\/\/ttalapitvany.hu\/index.php?rest_route=\/wp\/v2\/users\/1"}],"replies":[{"embeddable":true,"href":"https:\/\/ttalapitvany.hu\/index.php?rest_route=%2Fwp%2Fv2%2Fcomments&post=2"}],"version-history":[{"count":21,"href":"https:\/\/ttalapitvany.hu\/index.php?rest_route=\/wp\/v2\/pages\/2\/revisions"}],"predecessor-version":[{"id":191,"href":"https:\/\/ttalapitvany.hu\/index.php?rest_route=\/wp\/v2\/pages\/2\/revisions\/191"}],"wp:featuredmedia":[{"embeddable":true,"href":"https:\/\/ttalapitvany.hu\/index.php?rest_route=\/wp\/v2\/media\/252"}],"wp:attachment":[{"href":"https:\/\/ttalapitvany.hu\/index.php?rest_route=%2Fwp%2Fv2%2Fmedia&parent=2"}],"curies":[{"name":"wp","href":"https:\/\/api.w.org\/{rel}","templated":true}]}}